{"id":3,"date":"2019-07-03T16:36:16","date_gmt":"2019-07-03T16:36:16","guid":{"rendered":"http:\/\/hoteldelizia.com\/?page_id=3"},"modified":"2020-05-22T14:57:09","modified_gmt":"2020-05-22T12:57:09","slug":"privacy-policy","status":"publish","type":"page","link":"https:\/\/www.hoteldelizia.com\/it\/privacy-policy\/","title":{"rendered":"Privacy Policy"},"content":{"rendered":"<div class=\"fusion-fullwidth fullwidth-box fusion-builder-row-1 nonhundred-percent-fullwidth non-hundred-percent-height-scrolling\" style=\"--awb-background-position:left top;--awb-border-radius-top-left:0px;--awb-border-radius-top-right:0px;--awb-border-radius-bottom-right:0px;--awb-border-radius-bottom-left:0px;--awb-padding-top:2%;--awb-padding-bottom:40px;--awb-border-sizes-top:0px;--awb-border-sizes-bottom:0px;\" ><div class=\"fusion-builder-row fusion-row\"><div class=\"fusion-layout-column fusion_builder_column fusion-builder-column-0 fusion_builder_column_1_1 1_1 fusion-one-full fusion-column-first fusion-column-last\" style=\"--awb-padding-top:20px;--awb-padding-right:20px;--awb-padding-bottom:20px;--awb-padding-left:20px;--awb-bg-size:cover;--awb-margin-top:14px;\"><div class=\"fusion-column-wrapper fusion-flex-column-wrapper-legacy\"><div class=\"fusion-text fusion-text-1\"><p><strong>Informativa Art.13 del Regolamento UE n. 2016\/679<\/strong><\/p>\n<p><strong>1. Titolare del trattamento e Responsabile della protezione dei dati<\/strong><br \/>\nIl Titolare del Trattamento \u00e8 Hotel\u00a0Delizia sas (C.F.\/P.IVA 10712610152) con sede legale in Via Archimede, 86\/88 &#8211; 20129 Milano (MI), sede operativa in Via Archimede, 86\/88 &#8211; 20129 Milano (MI).<br \/>\nIl Responsabile della protezione dei dati pu\u00f2 essere contattato presso la Societ\u00e0 alla seguente mail: <a href=\"mailto:info@hoteldelizia.com\">info@hoteldelizia.com<\/a>.<\/p>\n<p><strong>2. Finalit\u00e0 e base giuridica del trattamento<\/strong><br \/>\nLa Societ\u00e0 Hotel\u00a0Delizia sas tratta i dati personali di persone fisiche, persone giuridiche, ditte individuali e\/o liberi professionisti (\u201cInteressati\u201d), gruppi e\/o associazione, enti, per le seguenti finalit\u00e0, conformi all\u2019oggetto sociale:<\/p>\n<ul>\n<li>necessit\u00e0 di eseguire un contratto di cui l\u2019Interessato sia parte o di eseguire attivit\u00e0 precontrattuali con lo stesso. Tale necessit\u00e0 rappresenta la base giuridica che legittima i conseguenti trattamenti. Il conferimento dei dati necessari a tali fini rappresenta, a seconda dei casi, un obbligo contrattuale o un requisito necessario alla conclusione del contratto; in mancanza di essi, la Societ\u00e0 sarebbe nell\u2019impossibilit\u00e0 di instaurare il rapporto o di dare esecuzione allo stesso;<\/li>\n<li>necessit\u00e0 di adempiere ad obblighi legali (es. obblighi previsti dalla normativa antiriciclaggio, disposizioni impartite da Autorit\u00e0 di Vigilanza, dalla Magistratura, ecc.).Tale necessit\u00e0 rappresenta la base giuridica che legittima i conseguenti trattamenti. Il conferimento dei dati necessari a tali fini rappresenta un obbligo legale; in mancanza di essi la Societ\u00e0 sarebbe nell\u2019impossibilit\u00e0 di instaurare rapporti e potrebbe avere l\u2019obbligo di effettuare segnalazioni;<\/li>\n<li>promozione e vendita di prodotti della Societ\u00e0 Hotel\u00a0Delizia sas, compreso il compimento di ricerche di mercato (c.d. marketing diretto). La base giuridica che legittima i conseguenti trattamenti \u00e8 il consenso dell\u2019Interessato, che \u00e8 libero di dare o meno e che pu\u00f2, comunque, revocare in qualsiasi momento. Il conferimento dei dati necessari a tali fini non \u00e8 obbligatorio ed il rifiuto di fornirli non determina alcuna conseguenza negativa, salvo l\u2019impossibilit\u00e0 di ricevere comunicazioni commerciali;<\/li>\n<li>promozione e vendita di prodotti \u201cdedicati\u201d della Societ\u00e0 Hotel\u00a0Delizia sas specificatamente individuati attraverso l\u2019elaborazione e l\u2019analisi, anche mediante l\u2019impiego di tecniche o sistemi automatizzati (es. big data), di informazioni relative a preferenze, abitudini, scelte di consumo, finalizzate a suddividere gli interessati in gruppi omogenei per comportamenti o caratteristiche specifiche (profilazione della clientela) attuate anche attraverso l\u2019arricchimento dei dati con informazioni acquisite da soggetti terzi (arricchimento). La base giuridica che legittima i conseguenti trattamenti \u00e8 il consenso dell\u2019Interessato che \u00e8 libero di dare o meno e che pu\u00f2, comunque, revocare in qualsiasi momento. Il conferimento dei dati necessari a tali fini non \u00e8 obbligatorio e il rifiuto di fornirli non determina alcuna conseguenza negativa, salvo l\u2019impossibilit\u00e0 di ricevere comunicazioni commerciali dedicate; invio di newsletter e materiale informativo, comunicazioni periodiche riferite a prodotti e\/o eventi della Societ\u00e0. Tale necessit\u00e0 rappresenta la base giuridica che legittima i conseguenti trattamenti.<\/li>\n<\/ul>\n<p><strong>3. Categorie di dati trattati<\/strong><br \/>\nLa Societ\u00e0 tratta dati personali raccolti direttamente presso l\u2019Interessato, ovvero presso terzi, che includono, a titolo esemplificativo, dati anagrafici (es. nome, cognome, indirizzo, data e luogo di nascita, codice fiscale, partita iva, sede), informazioni sulla situazione finanziaria (es. situazione patrimoniale, stato di insolvenza, informazioni creditizie che attengono a richieste\/rapporti di credito), dati relativi all\u2019immagine (es. foto su carta d&#8217;identit\u00e0, visura di camera di commercio, durc) e altri dati riconducibili alle categorie sopra indicate.<br \/>\nLa Societ\u00e0 non richiede e non tratta di sua iniziativa dati particolari dell\u2019Interessato che si pone in contatto con la stessa (es. dati che rivelino l\u2019origine razziale o etnica, le opinioni politiche, e le convinzioni religiose o filosofiche, l\u2019appartenenza sindacale, i dati genetici, i dati biometrici &#8211; intesi a identificare in modo univoco una persona fisica, i dati relativi alla salute o alla vita sessuale o all\u2019orientamento sessuale della persona). Qualora la Societ\u00e0 entri in possesso per finalit\u00e0 del tutto estranee con quelle di cui al punto n. 2 di tali dati, si informa sin da ora che tali dati verranno eliminato in quanto non conformi alle finalit\u00e0 suddette.<\/p>\n<p><strong>4. Modalit\u00e0 di trattamento<\/strong><br \/>\nPossono venire a conoscenza dei dati dell\u2019Interessato le persone fisiche e giuridiche nominate Responsabili del trattamento e le persone fisiche autorizzate al trattamento dei dati necessari allo svolgimento delle mansioni assegnate sempre in ossequio alle finalit\u00e0 di cui al punto n. 2 della presente.<br \/>\nI dati personali verranno trattati sia manualmente, sia in forma cartacea, che con strumenti informatici e telematici ed inseriti nelle pertinenti banche dati\/archivi, cui potranno accedere, e quindi venirne a conoscenza, gli addetti espressamente designati dal Titolare quali Responsabili ed Incaricati del trattamento dei dati personali, che potranno effettuare operazioni di archiviazione, classificazione, consultazione, utilizzo, elaborazione, raffronto ed ogni altra opportuna operazione anche automatizzata nel rispetto delle disposizioni di legge necessarie a garantire, tra l&#8217;altro, la riservatezza e la sicurezza dei dati nonch\u00e9 l\u2019esattezza, l\u2019aggiornamento e la pertinenza dei dati nel rispetto alle finalit\u00e0 dichiarate.<\/p>\n<p><strong>5. Diritti degli Interessati<\/strong><br \/>\nLa normativa vigente sulla protezione dei dati attribuisce specifici diritti all\u2019Interessato, il quale, per l\u2019esercizio degli stessi pu\u00f2 rivolgersi direttamente e in qualsiasi momento al Titolare del trattamento.<br \/>\nI diritti esercitabili dall\u2019Interessato, di seguito descritti, sono:<\/p>\n<ul>\n<li>Diritto di accesso;<\/li>\n<li>Diritto di rettifica;<\/li>\n<li>Diritto di cancellazione;<\/li>\n<li>Diritto di limitazione;<\/li>\n<li>Diritto alla portabilit\u00e0;<\/li>\n<li>Diritto di opposizione.<\/li>\n<\/ul>\n<p>Gli Interessati e le persone giuridiche, gli enti e le associazioni possono in qualsiasi momento modificare i consensi facoltativi ogni volta lo desiderano, comunicando detta volont\u00e0 alla Societ\u00e0.<\/p>\n<p><strong>5.1. Diritto di accesso<\/strong><br \/>\nIl diritto di accesso prevede la possibilit\u00e0 per l&#8217;Interessato di conoscere quali dati personali a s\u00e9 riferiti sono trattati dalla Societ\u00e0 e di riceverne una copia gratuita.<br \/>\nTra le informazioni fornite sono indicati le finalit\u00e0 del trattamento, le categorie dei dati trattati, il periodo di conservazione previsto o, se non possibile, i criteri utilizzati per definire tale periodo, nonch\u00e9 le garanzie applicate in caso di trasferimento dei dati verso Paesi terzi e i diritti esercitabili dall\u2019Interessato.<\/p>\n<p><strong>5.2. Diritto di rettifica<\/strong><br \/>\nIl diritto di rettifica permette all\u2019Interessato di ottenere l&#8217;aggiornamento o la rettifica dei dati inesatti o incompleti che lo riguardano.<br \/>\nPu\u00f2 essere esercitato in ogni momento e l\u2019interessato, per esercitarlo, deve inviare una comunicazione scritta (a mezzo mail ovvero con raccomandata a\/r) indicando compiutamente oggetto e tipo di rettifica richiesta. La Societ\u00e0 comunicher\u00e0 all\u2019Interessato l\u2019avvenuta variazione richiesta.<\/p>\n<p><strong>5.3. Diritto di cancellazione (c.d. \u201coblio\u201d)<\/strong><br \/>\nIl diritto di cancellazione, o all\u2019oblio, permette all\u2019Interessato di ottenere la cancellazione dei propri dati personali nei seguenti casi particolari:<\/p>\n<ul>\n<li>i dati personali non sono pi\u00f9 necessari per le finalit\u00e0 per le quali sono stati raccolti e trattati;<\/li>\n<li>l&#8217;Interessato revoca il consenso su cui si basa il trattamento, se non sussiste un\u2019altra base giuridica che possa altrimenti legittimarlo;<\/li>\n<li>l&#8217;Interessato si oppone al trattamento e non sussiste alcun ulteriore motivo legittimo per procedere al trattamento effettuato dal titolare per;<\/li>\n<li>il perseguimento di un legittimo interesse proprio o di terzi e non sussiste alcun motivo legittimo prevalente del titolare per procedere al trattamento,<\/li>\n<li>finalit\u00e0 di marketing diretto, compresa la profilazione ad esso connessa;<\/li>\n<li>i dati personali dell\u2019Interessato sono stati trattati illecitamente.<\/li>\n<\/ul>\n<p>Tale diritto pu\u00f2 essere esercitato anche dopo la revoca del consenso.<\/p>\n<p><strong>5.4. Diritto di limitazione<\/strong><br \/>\nIl diritto di limitazione \u00e8 esercitabile dall\u2019Interessato in caso:<\/p>\n<ul>\n<li>di violazione dei presupposti di liceit\u00e0 del trattamento, come alternativa alla cancellazione dei dati;<\/li>\n<li>di richiesta di rettifica dei dati (in attesa della rettifica) o di opposizione al loro trattamento (in attesa della decisione del titolare).<\/li>\n<\/ul>\n<p>Fatta salva la conservazione, \u00e8 vietato ogni altro trattamento del dato di cui si chiede la limitazione.<\/p>\n<p><strong>5.5. Diritto alla portabilit\u00e0<\/strong><br \/>\nIl diritto alla portabilit\u00e0 consente all&#8217;Interessato di utilizzare i propri dati in possesso dalla Societ\u00e0 per altri scopi.<br \/>\nCiascun Interessato pu\u00f2 chiedere di ricevere i dati personali a lui riferibili o chiederne il trasferimento ad un altro titolare, in un formato strutturato, di uso comune e leggibile.<br \/>\nIn particolare, i dati che possono essere oggetto di portabilit\u00e0 sono i dati anagrafici (es. nome, cognome, indirizzo, data e luogo nascita, residenza) e i dati bancari e di pagamento. Tale diritto non si applica ai trattamenti non automatizzati (es. archivi o registri cartacei).<\/p>\n<p><strong>5.6. Diritto di opposizione<\/strong><br \/>\nIl diritto di opposizione consente all&#8217;Interessato di opporsi in qualsiasi momento, per motivi connessi esclusivamente alla sua situazione, al trattamento dei dati personali che lo riguardano.<\/p>\n<p><strong>5.7. Deroghe all&#8217;esercizio dei diritti<\/strong><br \/>\nLa normativa sulla protezione dei dati riconosce specifiche deroghe ai diritti riconosciuti all&#8217;Interessato.<br \/>\nLa Societ\u00e0 deve tuttavia continuare a trattare i dati personali dell\u2019Interessato al verificarsi di una o pi\u00f9 delle seguenti condizioni applicabili:<\/p>\n<ul>\n<li>esecuzione ad un obbligo di legge;<\/li>\n<li>risoluzione di precontenziosi e\/o contenziosi;<\/li>\n<li>indagini\/ispezioni interne e\/o esterne;<\/li>\n<li>richieste della pubblica autorit\u00e0 italiana e\/o estera;<\/li>\n<li>motivi di interesse pubblico rilevante;<\/li>\n<li>esecuzione di un contratto in essere;<\/li>\n<li>ulteriori eventuali condizioni\/status bloccanti di natura tecnica individuate dalla Societ\u00e0.<\/li>\n<\/ul>\n<p><strong>5.8. Deroghe all&#8217;esercizio dei diritti<\/strong><br \/>\nCiascun Interessato, al fine di esercitare i propri diritti, potr\u00e0 contattare la Societ\u00e0 all&#8217;indirizzo di posta elettronica <a href=\"mailto:info@hoteldelizia.com\">info@hoteldelizia.com<\/a>, oppure presentare la richiesta per iscritto a Hotel Delizia sas, Via Archimede, 86\/88 &#8211; 20129 Milano (MI). Il termine per la risposta \u00e8 di 30 giorni, prorogabile di 60 giorni in casi di particolare complessit\u00e0; in questi casi, la Societ\u00e0 fornisce almeno una comunicazione interlocutoria entro 30 giorni.<br \/>\nL&#8217;esercizio dei diritti \u00e8 gratuito per l\u2019Interessato.<br \/>\nLa Societ\u00e0 ha il diritto di chiedere ulteriori informazioni necessarie ai fini identificativi del richiedente.<\/p>\n<p><strong>6. Periodo di conservazione dei dati<\/strong><br \/>\nLa Societ\u00e0 tratta e conserva i dati personali dell\u2019Interessato per tutta la durata del rapporto contrattuale, per l\u2019esecuzione degli adempimenti allo stesso inerenti e conseguenti, per il rispetto degli obblighi di legge e regolamentari applicabili, nonch\u00e9 per finalit\u00e0 difensive proprie, fino alla scadenza del periodo di conservazione dei dati.<br \/>\nIl periodo di conservazione dei dati personali, pertanto, pu\u00f2 estendersi fino ad un massimo di 10 anni dall\u2019acquisizione del dato da parte della Societ\u00e0.<br \/>\nIn ogni caso, l\u2019Interessato ai dati dovr\u00e0 comunicare alla Societ\u00e0 a mezzo mail o con raccomandata a\/r entro la suddetta scadenza se intende ottenere la restituzione dei dati che lo riguardano ovvero se ne chiede la cancellazione.<br \/>\nTrascorso il termine di scadenza suddetto, qualora l\u2019Interessato non abbia comunicato alla Societ\u00e0 alcuna esplicita richiesta in ordine alla restituzione del dato, la Societ\u00e0 canceller\u00e0 il dato dando comunicazione all\u2019interessato dell\u2019avvenuta cancellazione.<\/p>\n<p><strong>7. Trasferimento dei dati verso paesi terzi<\/strong><br \/>\nI dati personali potranno essere trasferiti anche in Paesi non appartenenti all&#8217;Unione Europea o allo Spazio Economico Europeo (cd. \u201cPaesi Terzi\u201d) riconosciuti dalla Commissione Europea aventi un livello adeguato di protezione dei dati personali o, in caso contrario, solo se sia garantito contrattualmente da tutti i fornitori di Fineco situati nel Paese Terzo un livello di protezione dei dati personali adeguato rispetto a quello dell\u2019Unione Europea (es. tramite la sottoscrizione delle clausole contrattuali standard previste dalla Commissione Europea) e che sia sempre assicurato l\u2019esercizio dei diritti degli Interessati.<\/p>\n<p><strong>8. Ambito di comunicazione e di diffusione dei dati<\/strong><br \/>\nPer il perseguimento delle finalit\u00e0 di cui al paragrafo n. 2 della presente informativa, i dati personali conferiti saranno trattati da persone incaricate dal Titolare, ovvero dipendenti, collaboratori e consulenti interni ed esterni della Societ\u00e0 nominati per iscritto quali Incaricati o Responsabili esterni del trattamento dei dati.<br \/>\nI dati personali potranno essere comunicati e trasferiti:<\/p>\n<ul>\n<li>a soggetti cui la facolt\u00e0 di accedere ai dati personali sia riconosciuta da disposizioni di legge e di normativa secondaria o da disposizioni impartite da autorit\u00e0 a ci\u00f2 legittimate dalla legge;<\/li>\n<li>a societ\u00e0 clienti o collegate alla Societ\u00e0\u00a0 .<\/li>\n<\/ul>\n<p>La comunicazione e\/o la trasmissione a Societ\u00e0 clienti al di fuori dell&#8217;Unione Europea avverr\u00e0 solo previo consenso esplicito da parte dell\u2019Interessato.<br \/>\nI dati personali non saranno soggetti a diffusione.<\/p>\n<p><strong>9. Diritti dell\u2019Interessato<\/strong><br \/>\nSi informa che gli artt. 15 e ss. del GDPR conferiscono agli Interessati l\u2019esercizio di specifici diritti nei confronti del Titolare del trattamento.<br \/>\nIn particolare, l\u2019Interessato potr\u00e0:<\/p>\n<ul>\n<li>ottenere la conferma dell\u2019esistenza dei dati personali che Lo riguardano, anche se non ancora registrati, e chiedere di conoscere la loro origine fatti salvi i diritti dei terzi, nonch\u00e9 le finalit\u00e0, i tempi di conservazione, le modalit\u00e0 del trattamento e la logica applicata in caso di trattamenti effettuati con strumenti automatizzati;<\/li>\n<li>revocare il consenso eventualmente prestato relativamente al trattamento dei propri dati personali, fatta salva la liceit\u00e0 del trattamento posto in essere fino a quel momento;<\/li>\n<li>ricevere in un formato strutturato, di uso comune e leggibile da dispositivo automatico, i dati personali trattati e, salvo il caso in cui non sia tecnicamente fattibile, trasmettere direttamente i propri dati ad un altro Titolare del trattamento;<\/li>\n<li>ottenere la cancellazione, la trasformazione in forma anonima o il blocco dei dati di cui non \u00e8 necessaria la conservazione in relazione agli scopi per i quali i dati sono stati raccolti e trattati;<\/li>\n<li>ottenere l\u2019aggiornamento, la rettificazione e l\u2019integrazione dei dati trattati;<\/li>\n<li>opporsi, in tutto o in parte e per motivi legittimi, al trattamento dei dati personali che lo riguardano, ancorch\u00e9 pertinenti allo scopo della raccolta;<br \/>\nproporre reclamo alle Autorit\u00e0 di controllo.<\/li>\n<\/ul>\n<p>L\u2019esercizio di questi diritti non deve pregiudicare e\/o ledere i diritti e le libert\u00e0 altrui compreso il segreto industriale e aziendale e la propriet\u00e0 intellettuale.<br \/>\nIn particolare il diritto di accesso \u00e8 limitato ai dati personali da Lei conferiti e non si estende alle elaborazioni professionali sugli stessi eventualmente svolte dalla Societ\u00e0 la quale ne diventa proprietaria esclusiva. Tuttavia, nel caso in cui Lei eserciti il diritto alla cancellazione dei Suoi dati, tali elaborazioni verranno cancellate e\/o anonimizzate in modo da renderLa in alcun modo non identificabile.<br \/>\nPu\u00f2 esercitare tali diritti in qualsiasi momento potr\u00e0 contattare la Societ\u00e0 a mezzo mail <a href=\"mailto:info@hoteldelizia.com\">info@hoteldelizia.com<\/a>\u00a0ovvero a mezzo raccomandata a\/r da indirizzare a: Hotel Delizia sas, Via Archimede, 86\/88 &#8211; 20129 Milano (MI).<br \/>\nResta inteso che, laddove le richieste siano presentate tramite mezzi elettronici, le informazioni saranno fornite gratuitamente ed in un formato elettronico di uso comune.<\/p>\n<p><strong>10. Reclamo o segnalazione al Garante per la Protezione dei dati personali<\/strong><br \/>\nOve l\u2019Interessato ritenga di aver subito una violazione dei propri diritti pu\u00f2 proporre reclamo o effettuare una segnalazione al Garante per la Protezione dei Dati Personali oppure presentare ricorso all\u2019Autorit\u00e0 Giudiziaria.<br \/>\nI contatti del Garante per la Protezione dei Dati Personali sono consultabili sul sito web\u00a0www.garanteprivacy.it<\/p>\n<\/div><div class=\"fusion-clearfix\"><\/div><\/div><\/div><\/div><\/div>\n","protected":false},"excerpt":{"rendered":"","protected":false},"author":1,"featured_media":0,"parent":0,"menu_order":100,"comment_status":"closed","ping_status":"open","template":"","meta":{"inline_featured_image":false},"yoast_head":"<!-- This site is optimized with the Yoast SEO plugin v20.5 - https:\/\/yoast.com\/wordpress\/plugins\/seo\/ -->\n<title>Privacy Policy - Hotel Delizia<\/title>\n<meta name=\"robots\" content=\"index, follow, max-snippet:-1, max-image-preview:large, max-video-preview:-1\" \/>\n<link rel=\"canonical\" href=\"https:\/\/www.hoteldelizia.com\/it\/privacy-policy\/\" \/>\n<meta property=\"og:locale\" content=\"it_IT\" \/>\n<meta property=\"og:type\" content=\"article\" \/>\n<meta property=\"og:title\" content=\"Privacy Policy - Hotel Delizia\" \/>\n<meta property=\"og:url\" content=\"https:\/\/www.hoteldelizia.com\/it\/privacy-policy\/\" \/>\n<meta property=\"og:site_name\" content=\"Hotel Delizia\" \/>\n<meta property=\"article:modified_time\" content=\"2020-05-22T12:57:09+00:00\" \/>\n<meta name=\"twitter:card\" content=\"summary_large_image\" \/>\n<meta name=\"twitter:label1\" content=\"Tempo di lettura stimato\" \/>\n\t<meta name=\"twitter:data1\" content=\"13 minuti\" \/>\n<script type=\"application\/ld+json\" class=\"yoast-schema-graph\">{\"@context\":\"https:\/\/schema.org\",\"@graph\":[{\"@type\":\"WebPage\",\"@id\":\"https:\/\/www.hoteldelizia.com\/it\/privacy-policy\/\",\"url\":\"https:\/\/www.hoteldelizia.com\/it\/privacy-policy\/\",\"name\":\"Privacy Policy - Hotel Delizia\",\"isPartOf\":{\"@id\":\"https:\/\/www.hoteldelizia.com\/es\/#website\"},\"datePublished\":\"2019-07-03T16:36:16+00:00\",\"dateModified\":\"2020-05-22T12:57:09+00:00\",\"breadcrumb\":{\"@id\":\"https:\/\/www.hoteldelizia.com\/it\/privacy-policy\/#breadcrumb\"},\"inLanguage\":\"it-IT\",\"potentialAction\":[{\"@type\":\"ReadAction\",\"target\":[\"https:\/\/www.hoteldelizia.com\/it\/privacy-policy\/\"]}]},{\"@type\":\"BreadcrumbList\",\"@id\":\"https:\/\/www.hoteldelizia.com\/it\/privacy-policy\/#breadcrumb\",\"itemListElement\":[{\"@type\":\"ListItem\",\"position\":1,\"name\":\"Home\",\"item\":\"https:\/\/www.hoteldelizia.com\/it\/\"},{\"@type\":\"ListItem\",\"position\":2,\"name\":\"Privacy Policy\"}]},{\"@type\":\"WebSite\",\"@id\":\"https:\/\/www.hoteldelizia.com\/es\/#website\",\"url\":\"https:\/\/www.hoteldelizia.com\/es\/\",\"name\":\"Hotel Delizia\",\"description\":\"Albergo Economico Milano | Hotel Delizia Sito Ufficiale | Hotel vicino Aeroporto Linate Milano\",\"potentialAction\":[{\"@type\":\"SearchAction\",\"target\":{\"@type\":\"EntryPoint\",\"urlTemplate\":\"https:\/\/www.hoteldelizia.com\/es\/?s={search_term_string}\"},\"query-input\":\"required name=search_term_string\"}],\"inLanguage\":\"it-IT\"}]}<\/script>\n<!-- \/ Yoast SEO plugin. -->","yoast_head_json":{"title":"Privacy Policy - Hotel Delizia","robots":{"index":"index","follow":"follow","max-snippet":"max-snippet:-1","max-image-preview":"max-image-preview:large","max-video-preview":"max-video-preview:-1"},"canonical":"https:\/\/www.hoteldelizia.com\/it\/privacy-policy\/","og_locale":"it_IT","og_type":"article","og_title":"Privacy Policy - Hotel Delizia","og_url":"https:\/\/www.hoteldelizia.com\/it\/privacy-policy\/","og_site_name":"Hotel Delizia","article_modified_time":"2020-05-22T12:57:09+00:00","twitter_card":"summary_large_image","twitter_misc":{"Tempo di lettura stimato":"13 minuti"},"schema":{"@context":"https:\/\/schema.org","@graph":[{"@type":"WebPage","@id":"https:\/\/www.hoteldelizia.com\/it\/privacy-policy\/","url":"https:\/\/www.hoteldelizia.com\/it\/privacy-policy\/","name":"Privacy Policy - Hotel Delizia","isPartOf":{"@id":"https:\/\/www.hoteldelizia.com\/es\/#website"},"datePublished":"2019-07-03T16:36:16+00:00","dateModified":"2020-05-22T12:57:09+00:00","breadcrumb":{"@id":"https:\/\/www.hoteldelizia.com\/it\/privacy-policy\/#breadcrumb"},"inLanguage":"it-IT","potentialAction":[{"@type":"ReadAction","target":["https:\/\/www.hoteldelizia.com\/it\/privacy-policy\/"]}]},{"@type":"BreadcrumbList","@id":"https:\/\/www.hoteldelizia.com\/it\/privacy-policy\/#breadcrumb","itemListElement":[{"@type":"ListItem","position":1,"name":"Home","item":"https:\/\/www.hoteldelizia.com\/it\/"},{"@type":"ListItem","position":2,"name":"Privacy Policy"}]},{"@type":"WebSite","@id":"https:\/\/www.hoteldelizia.com\/es\/#website","url":"https:\/\/www.hoteldelizia.com\/es\/","name":"Hotel Delizia","description":"Albergo Economico Milano | Hotel Delizia Sito Ufficiale | Hotel vicino Aeroporto Linate Milano","potentialAction":[{"@type":"SearchAction","target":{"@type":"EntryPoint","urlTemplate":"https:\/\/www.hoteldelizia.com\/es\/?s={search_term_string}"},"query-input":"required name=search_term_string"}],"inLanguage":"it-IT"}]}},"_links":{"self":[{"href":"https:\/\/www.hoteldelizia.com\/it\/wp-json\/wp\/v2\/pages\/3"}],"collection":[{"href":"https:\/\/www.hoteldelizia.com\/it\/wp-json\/wp\/v2\/pages"}],"about":[{"href":"https:\/\/www.hoteldelizia.com\/it\/wp-json\/wp\/v2\/types\/page"}],"author":[{"embeddable":true,"href":"https:\/\/www.hoteldelizia.com\/it\/wp-json\/wp\/v2\/users\/1"}],"replies":[{"embeddable":true,"href":"https:\/\/www.hoteldelizia.com\/it\/wp-json\/wp\/v2\/comments?post=3"}],"version-history":[{"count":6,"href":"https:\/\/www.hoteldelizia.com\/it\/wp-json\/wp\/v2\/pages\/3\/revisions"}],"predecessor-version":[{"id":5327,"href":"https:\/\/www.hoteldelizia.com\/it\/wp-json\/wp\/v2\/pages\/3\/revisions\/5327"}],"wp:attachment":[{"href":"https:\/\/www.hoteldelizia.com\/it\/wp-json\/wp\/v2\/media?parent=3"}],"curies":[{"name":"wp","href":"https:\/\/api.w.org\/{rel}","templated":true}]}}