{"id":8332,"date":"2022-11-07T10:23:47","date_gmt":"2022-11-07T09:23:47","guid":{"rendered":"http:\/\/hoteldelizia.com\/?page_id=8332"},"modified":"2025-05-16T11:24:26","modified_gmt":"2025-05-16T09:24:26","slug":"hotel-metro-4-milan-bleu","status":"publish","type":"page","link":"https:\/\/www.hoteldelizia.com\/fr\/hotel-metro-4-milan-bleu\/","title":{"rendered":"Hotel M\u00e9tro 4 Milan (Bleu)"},"content":{"rendered":"<p><div class=\"fusion-fullwidth fullwidth-box fusion-builder-row-1 hundred-percent-fullwidth non-hundred-percent-height-scrolling\" style=\"--awb-border-radius-top-left:0px;--awb-border-radius-top-right:0px;--awb-border-radius-bottom-right:0px;--awb-border-radius-bottom-left:0px;\" ><div class=\"fusion-builder-row fusion-row\"><div class=\"fusion-layout-column fusion_builder_column fusion-builder-column-0 fusion_builder_column_1_1 1_1 fusion-one-full fusion-column-first fusion-column-last\" style=\"--awb-bg-size:cover;--awb-margin-top:0px;--awb-margin-bottom:0px;\"><div class=\"fusion-column-wrapper fusion-column-has-shadow fusion-flex-column-wrapper-legacy\">\t\t\t\t\t<script type=\"text\/javascript\">\n\t\t\t\t\t\tvar map_fusion_map_69e45abaf2595;\n\t\t\t\t\t\tvar markers = [];\n\t\t\t\t\t\tvar counter = 0;\n\t\t\t\t\t\t\t\t\t\t\t\t\t\t\t\t\t\t\t\tvar fusionMapNonce = 'e4556ea65e';\n\t\t\t\t\t\t\t\t\t\t\t\tfunction fusion_run_map_fusion_map_69e45abaf2595() {\n\t\t\t\t\t\t\tjQuery('#fusion_map_69e45abaf2595').fusion_maps({\n\t\t\t\t\t\t\t\taddresses: [{\"address\":\"Via Archimede 86, 20129 Milano \",\"infobox_content\":\"<strong>Hotel Delizia<\\\/strong><br>\\nVia Archimede, 86\\\/88<br>\\n20129 Milan \",\"marker\":\"http:\\\/\\\/hoteldelizia.com\\\/wp-content\\\/uploads\\\/2022\\\/12\\\/segnaposto-hotel-delizia.svg \",\"coordinates\":false,\"cache\":true,\"latitude\":\"45.4653874\",\"longitude\":\"9.21953110000004\"},{\"address\":\" Aeroporto Linate\",\"infobox_content\":\" Linate Airport<br>\\nMilan\",\"marker\":\" http:\\\/\\\/hoteldelizia.com\\\/wp-content\\\/uploads\\\/2019\\\/10\\\/HD-Segnaposto.png\",\"coordinates\":false,\"cache\":true,\"latitude\":\"45.4533362\",\"longitude\":\"9.2762827\"}],\n\t\t\t\t\t\t\t\tanimations: false,\n\t\t\t\t\t\t\t\tinfobox_background_color: 'rgba(24,24,24,0.78)',\n\t\t\t\t\t\t\t\tinfobox_styling: 'custom',\n\t\t\t\t\t\t\t\tinfobox_text_color: '#ffffff',\n\t\t\t\t\t\t\t\tmap_style: 'custom',\n\t\t\t\t\t\t\t\tmap_type: 'roadmap',\n\t\t\t\t\t\t\t\tmarker_icon: 'http:\/\/hoteldelizia.com\/wp-content\/uploads\/2022\/12\/segnaposto-hotel-delizia.svg | http:\/\/hoteldelizia.com\/wp-content\/uploads\/2019\/10\/HD-Segnaposto.png',\n\t\t\t\t\t\t\t\toverlay_color: '#607d8b',\n\t\t\t\t\t\t\t\toverlay_color_hsl: {\"hue\":200,\"sat\":18,\"lum\":46},\n\t\t\t\t\t\t\t\tpan_control: true,\n\t\t\t\t\t\t\t\tshow_address: true,\n\t\t\t\t\t\t\t\tscale_control: false,\n\t\t\t\t\t\t\t\tscrollwheel: false,\n\t\t\t\t\t\t\t\tzoom: 14,\n\t\t\t\t\t\t\t\tzoom_control: true,\n\t\t\t\t\t\t\t});\n\t\t\t\t\t\t}\n\n\t\t\t\t\t\tgoogle.maps.event.addDomListener(window, 'load', fusion_run_map_fusion_map_69e45abaf2595);\n\t\t\t\t\t<\/script>\n\t\t\t\t\t<div class=\"shortcode-map fusion-google-map fusion-maps-js-type\" style=\"--awb-height:650px;\" id=\"fusion_map_69e45abaf2595\"><\/div><div class=\"fusion-clearfix\"><\/div><\/div><\/div><\/div><\/div><div class=\"fusion-fullwidth fullwidth-box fusion-builder-row-2 nonhundred-percent-fullwidth non-hundred-percent-height-scrolling fusion-equal-height-columns\" style=\"--awb-border-radius-top-left:0px;--awb-border-radius-top-right:0px;--awb-border-radius-bottom-right:0px;--awb-border-radius-bottom-left:0px;--awb-margin-top:2%;--awb-margin-bottom:2%;\" ><div class=\"fusion-builder-row fusion-row\"><div class=\"fusion-layout-column fusion_builder_column fusion-builder-column-1 fusion_builder_column_1_2 1_2 fusion-one-half fusion-column-first\" style=\"--awb-bg-size:cover;width:50%;width:calc(50% - ( ( 4% ) * 0.5 ) );margin-right: 4%;\"><div class=\"fusion-column-wrapper fusion-column-has-shadow fusion-flex-column-wrapper-legacy\"><div class=\"fusion-column-content-centered\"><div class=\"fusion-column-content\"><div class=\"fusion-title title fusion-title-1 fusion-sep-none fusion-title-text fusion-title-size-one\" style=\"--awb-margin-top:27px;--awb-margin-bottom:20px;\"><h1 class=\"title-heading-right fusion-responsive-typography-calculated\" style=\"margin:0;--fontSize:80;line-height:1.28;\">M\u00e9tro 4 Milan (Bleu)<\/h1><\/div><\/div><\/div><div class=\"fusion-clearfix\"><\/div><\/div><\/div><div class=\"fusion-layout-column fusion_builder_column fusion-builder-column-2 fusion_builder_column_1_2 1_2 fusion-one-half fusion-column-last\" style=\"--awb-bg-size:cover;width:50%;width:calc(50% - ( ( 4% ) * 0.5 ) );\"><div class=\"fusion-column-wrapper fusion-column-has-shadow fusion-flex-column-wrapper-legacy\"><div class=\"fusion-column-content-centered\"><div class=\"fusion-column-content\"><div class=\"fusion-text fusion-text-1\"><p>L&rsquo;H\u00f4tel Delizia est situ\u00e9 \u00e0 Milan, dans un quartier calme pr\u00e8s de Corso XXII Marzo, et \u00e0 quelques pas de la station Dateo, arr\u00eat de la nouvelle ligne de m\u00e9tro 4 (Bleue) r\u00e9cemment construite.<\/p>\n<p>Exactement parce qu&rsquo;\u00e0 partir du 26 novembre 2022, la ligne de m\u00e9tro A\u00e9roport de Linate \u2013 Dateo est active dans les deux sens.<\/p>\n<p>Le service fourni par cette ligne souterraine est non seulement une r\u00e9volution dans la mobilit\u00e9 urbaine, mais permet \u00e9galement \u00e0 tous les utilisateurs de profiter des parcs, des pistes cyclables le long de la surface de l&rsquo;itin\u00e9raire M4 ainsi que d&rsquo;acc\u00e9der facilement \u00e0 plusieurs des plus importants. points d&rsquo;int\u00e9r\u00eat de la ville.<\/p>\n<p>Avec la ligne de m\u00e9tro M4, l&rsquo;h\u00f4tel Delizia est facilement reli\u00e9 \u00e0 l&rsquo;a\u00e9roport de Linate qui, en quelques minutes de trajet (seulement 5 arr\u00eats), atteint la station Dateo, \u00e0 seulement 200 m\u00e8tres de notre h\u00f4tel.<\/p>\n<p>Milan est l&rsquo;une des villes europ\u00e9ennes avec la plus grande extension de lignes de m\u00e9tro qui, gr\u00e2ce \u00e0 leur ramification, vous permettent d&rsquo;atteindre non seulement le centre-ville mais aussi de sortir pour couvrir une partie de l&rsquo;arri\u00e8re-pays (la zone dite m\u00e9tropolitaine).<\/p>\n<p>La commodit\u00e9 avec laquelle vous pouvez utiliser le m\u00e9tro depuis l&rsquo;H\u00f4tel Delizia rend notre h\u00f4tel pratique pour ceux qui voyagent \u00e0 Milan pour affaires ou pour le plaisir.<\/p>\n<\/div><div class=\"fusion-menu-anchor\" id=\"how-to-reach-us\"><\/div><\/div><\/div><div class=\"fusion-clearfix\"><\/div><\/div><\/div><\/div><\/div><div class=\"fusion-fullwidth fullwidth-box fusion-builder-row-3 has-pattern-background has-mask-background nonhundred-percent-fullwidth non-hundred-percent-height-scrolling fusion-equal-height-columns fusion-no-medium-visibility fusion-no-large-visibility\" style=\"--awb-background-position:left top;--awb-border-radius-top-left:0px;--awb-border-radius-top-right:0px;--awb-border-radius-bottom-right:0px;--awb-border-radius-bottom-left:0px;--awb-background-color:rgba(255,255,255,0);\" ><div class=\"fusion-builder-row fusion-row\"><div class=\"fusion-layout-column fusion_builder_column fusion-builder-column-3 fusion_builder_column_1_1 1_1 fusion-one-full fusion-column-first fusion-column-last\" style=\"--awb-bg-color:rgba(255,255,255,0);--awb-bg-position:center center;--awb-bg-size:cover;--awb-border-color:#ffffff;--awb-border-top:0;--awb-border-right:0;--awb-border-bottom:0;--awb-border-left:0;--awb-border-style:solid;\"><div class=\"fusion-column-wrapper fusion-column-has-shadow fusion-flex-column-wrapper-legacy\"><div class=\"fusion-sep-clear\"><\/div><div class=\"fusion-separator fusion-full-width-sep\" style=\"margin-left: auto;margin-right: auto;margin-top:10%;width:100%;\"><\/div><div class=\"fusion-sep-clear\"><\/div><div class=\"fusion-clearfix\"><\/div><\/div><\/div><div class=\"fusion-layout-column fusion_builder_column fusion-builder-column-4 fusion_builder_column_3_5 3_5 fusion-three-fifth fusion-column-first\" style=\"--awb-padding-top:40%;--awb-padding-bottom:40%;--awb-bg-image:url(&#039;http:\/\/hoteldelizia.com\/wp-content\/uploads\/2022\/11\/Subway-4-Milan-Blue-hotel-delizia-milan.jpg&#039;);--awb-bg-position:center bottom;--awb-bg-size:cover;--awb-border-color:#ffffff;--awb-border-top:0;--awb-border-right:0;--awb-border-bottom:0;--awb-border-left:0;--awb-border-style:solid;width:60%;width:calc(60% - ( ( 5% ) * 0.6 ) );margin-right: 5%;\"><div class=\"fusion-column-wrapper fusion-column-has-shadow fusion-flex-column-wrapper-legacy\" data-bg-url=\"http:\/\/hoteldelizia.com\/wp-content\/uploads\/2022\/11\/Subway-4-Milan-Blue-hotel-delizia-milan.jpg\"><div class=\"fusion-sep-clear\"><\/div><div class=\"fusion-separator fusion-full-width-sep\" style=\"margin-left: auto;margin-right: auto;margin-top:50px;width:100%;\"><\/div><div class=\"fusion-sep-clear\"><\/div><div class=\"fusion-clearfix\"><\/div><\/div><\/div><\/div><\/div><div class=\"fusion-fullwidth fullwidth-box fusion-builder-row-4 nonhundred-percent-fullwidth non-hundred-percent-height-scrolling fusion-equal-height-columns\" style=\"--awb-background-position:left top;--awb-border-radius-top-left:0px;--awb-border-radius-top-right:0px;--awb-border-radius-bottom-right:0px;--awb-border-radius-bottom-left:0px;--awb-padding-bottom:5%;\" ><div class=\"fusion-builder-row fusion-row\"><div class=\"fusion-layout-column fusion_builder_column fusion-builder-column-5 fusion_builder_column_2_5 2_5 fusion-two-fifth fusion-column-first allineato fusion-animated\" style=\"--awb-padding-right:10%;--awb-padding-bottom:7%;--awb-padding-left:10%;--awb-bg-color:var(--awb-color1);--awb-bg-size:cover;--awb-margin-top:80px;width:40%;width:calc(40% - ( ( 5% ) * 0.4 ) );margin-right: 5%;\" data-animationType=\"fadeInDown\" data-animationDuration=\"0.8\" data-animationOffset=\"top-into-view\"><div class=\"fusion-column-wrapper fusion-column-has-shadow fusion-flex-column-wrapper-legacy\"><div class=\"fusion-column-content-centered\"><div class=\"fusion-column-content\"><div class=\"fusion-title title fusion-title-2 fusion-sep-none fusion-title-center fusion-title-text fusion-title-size-two\" style=\"--awb-margin-top:27px;--awb-margin-bottom:20px;--awb-margin-top-small:27px;\"><h2 class=\"title-heading-center fusion-responsive-typography-calculated\" style=\"margin:0;--fontSize:80;line-height:1.28;\">Hotel M\u00e9tro 4 Milan (Bleu)<\/h2><\/div><div class=\"fusion-sep-clear\"><\/div><div class=\"fusion-separator\" style=\"margin-left: auto;margin-right: auto;width:100%;max-width:70px;\"><div class=\"fusion-separator-border sep-single sep-solid\" style=\"--awb-height:20px;--awb-amount:20px;--awb-sep-color:#181818;border-color:#181818;border-top-width:1px;\"><\/div><\/div><div class=\"fusion-sep-clear\"><\/div><div class=\"fusion-sep-clear\"><\/div><div class=\"fusion-separator fusion-full-width-sep\" style=\"margin-left: auto;margin-right: auto;margin-bottom:20px;width:100%;\"><\/div><div class=\"fusion-sep-clear\"><\/div><div class=\"fusion-text fusion-text-2\"><p style=\"text-align: center;\">Avec l&rsquo;ach\u00e8vement de la construction de la ligne 4 du m\u00e9tro de Milan (Bleue), il s&rsquo;agit d&rsquo;un d\u00e9veloppement important pour la ville et ses usagers pour la mobilit\u00e9 des personnes qui ont besoin de rejoindre le centre depuis les extr\u00e9mit\u00e9s droite et gauche de la capitale lombarde.<\/p>\n<p style=\"text-align: center;\">Les deux terminus strat\u00e9giques sont l&rsquo;a\u00e9roport de Linate \u00e0 l&rsquo;est, certainement l&rsquo;a\u00e9roport le plus proche et le plus pratique pour rejoindre le centre-ville, et San Cristoforo \u00e0 l&rsquo;ouest, un \u00e9change pratique avec les lignes ferroviaires r\u00e9gionales.<\/p>\n<p style=\"text-align: center;\">Le parcours \u00ab touche \u00bb San Babila, lieu de rencontre historique des nouvelles g\u00e9n\u00e9rations de jeunes milanais, point strat\u00e9gique \u00e0 partir duquel vous pourrez rejoindre \u00e0 pied : le Duomo, la Galleria Vittorio Emanuele I, ainsi que via Montenapoleone et le quartier de la mode. Sant&rsquo;Ambrogio est \u00e9galement un arr\u00eat du m\u00e9tro 4, o\u00f9 se trouve l&rsquo;une des plus anciennes \u00e9glises de Milan, ainsi que le saint patron de la ville, un point fondamental dans l&rsquo;histoire de Milan et de l&rsquo;\u00c9glise ambrosienne.<br \/>\nLes deux stations seront \u00e9galement le point d&rsquo;\u00e9change, la premi\u00e8re avec la ligne 1 (Rouge) et la seconde avec la ligne 2 (Verte), permettant aux voyageurs de se d\u00e9placer facilement dans toutes les directions de la ville.<\/p>\n<\/div><\/div><\/div><div class=\"fusion-clearfix\"><\/div><\/div><\/div><div class=\"fusion-layout-column fusion_builder_column fusion-builder-column-6 fusion_builder_column_3_5 3_5 fusion-three-fifth fusion-column-last fusion-no-small-visibility fusion-no-medium-visibility\" style=\"--awb-padding-top:40%;--awb-padding-bottom:40%;--awb-bg-image:url(&#039;http:\/\/hoteldelizia.com\/wp-content\/uploads\/2022\/11\/Subway-4-Milan-Blue-hotel-delizia-milan.jpg&#039;);--awb-bg-position:center center;--awb-bg-size:cover;--awb-border-color:#ffffff;--awb-border-top:0;--awb-border-right:0;--awb-border-bottom:0;--awb-border-left:0;--awb-border-style:solid;width:60%;width:calc(60% - ( ( 5% ) * 0.6 ) );\"><div class=\"fusion-column-wrapper fusion-column-has-shadow fusion-flex-column-wrapper-legacy\" data-bg-url=\"http:\/\/hoteldelizia.com\/wp-content\/uploads\/2022\/11\/Subway-4-Milan-Blue-hotel-delizia-milan.jpg\"><div class=\"fusion-sep-clear\"><\/div><div class=\"fusion-separator fusion-full-width-sep\" style=\"margin-left: auto;margin-right: auto;margin-top:50px;width:100%;\"><\/div><div class=\"fusion-sep-clear\"><\/div><div class=\"fusion-clearfix\"><\/div><\/div><\/div><\/div><\/div><\/p>\n","protected":false},"excerpt":{"rendered":"","protected":false},"author":1,"featured_media":0,"parent":0,"menu_order":2,"comment_status":"closed","ping_status":"closed","template":"100-width.php","meta":{"inline_featured_image":false},"yoast_head":"<!-- This site is optimized with the Yoast SEO plugin v20.5 - https:\/\/yoast.com\/wordpress\/plugins\/seo\/ -->\n<title>Hotel M\u00e9tro 4 Milan (Bleu) - Hotel Delizia<\/title>\n<meta name=\"robots\" content=\"index, follow, max-snippet:-1, max-image-preview:large, max-video-preview:-1\" \/>\n<link rel=\"canonical\" href=\"https:\/\/www.hoteldelizia.com\/fr\/hotel-metro-4-milan-bleu\/\" \/>\n<meta property=\"og:locale\" content=\"fr_FR\" \/>\n<meta property=\"og:type\" content=\"article\" \/>\n<meta property=\"og:title\" content=\"Hotel M\u00e9tro 4 Milan (Bleu) - Hotel Delizia\" \/>\n<meta property=\"og:url\" content=\"https:\/\/www.hoteldelizia.com\/fr\/hotel-metro-4-milan-bleu\/\" \/>\n<meta property=\"og:site_name\" content=\"Hotel Delizia\" \/>\n<meta property=\"article:modified_time\" content=\"2025-05-16T09:24:26+00:00\" \/>\n<meta name=\"twitter:card\" content=\"summary_large_image\" \/>\n<meta name=\"twitter:label1\" content=\"Dur\u00e9e de lecture estim\u00e9e\" \/>\n\t<meta name=\"twitter:data1\" content=\"9 minutes\" \/>\n<script type=\"application\/ld+json\" class=\"yoast-schema-graph\">{\"@context\":\"https:\/\/schema.org\",\"@graph\":[{\"@type\":\"WebPage\",\"@id\":\"https:\/\/www.hoteldelizia.com\/fr\/hotel-metro-4-milan-bleu\/\",\"url\":\"https:\/\/www.hoteldelizia.com\/fr\/hotel-metro-4-milan-bleu\/\",\"name\":\"Hotel M\u00e9tro 4 Milan (Bleu) - Hotel Delizia\",\"isPartOf\":{\"@id\":\"https:\/\/www.hoteldelizia.com\/es\/#website\"},\"datePublished\":\"2022-11-07T09:23:47+00:00\",\"dateModified\":\"2025-05-16T09:24:26+00:00\",\"breadcrumb\":{\"@id\":\"https:\/\/www.hoteldelizia.com\/fr\/hotel-metro-4-milan-bleu\/#breadcrumb\"},\"inLanguage\":\"fr-FR\",\"potentialAction\":[{\"@type\":\"ReadAction\",\"target\":[\"https:\/\/www.hoteldelizia.com\/fr\/hotel-metro-4-milan-bleu\/\"]}]},{\"@type\":\"BreadcrumbList\",\"@id\":\"https:\/\/www.hoteldelizia.com\/fr\/hotel-metro-4-milan-bleu\/#breadcrumb\",\"itemListElement\":[{\"@type\":\"ListItem\",\"position\":1,\"name\":\"Home\",\"item\":\"https:\/\/www.hoteldelizia.com\/fr\/\"},{\"@type\":\"ListItem\",\"position\":2,\"name\":\"Hotel M\u00e9tro 4 Milan (Bleu)\"}]},{\"@type\":\"WebSite\",\"@id\":\"https:\/\/www.hoteldelizia.com\/es\/#website\",\"url\":\"https:\/\/www.hoteldelizia.com\/es\/\",\"name\":\"Hotel Delizia\",\"description\":\"Albergo Economico Milano | Hotel Delizia Sito Ufficiale | Hotel vicino Aeroporto Linate Milano\",\"potentialAction\":[{\"@type\":\"SearchAction\",\"target\":{\"@type\":\"EntryPoint\",\"urlTemplate\":\"https:\/\/www.hoteldelizia.com\/es\/?s={search_term_string}\"},\"query-input\":\"required name=search_term_string\"}],\"inLanguage\":\"fr-FR\"}]}<\/script>\n<!-- \/ Yoast SEO plugin. -->","yoast_head_json":{"title":"Hotel M\u00e9tro 4 Milan (Bleu) - Hotel Delizia","robots":{"index":"index","follow":"follow","max-snippet":"max-snippet:-1","max-image-preview":"max-image-preview:large","max-video-preview":"max-video-preview:-1"},"canonical":"https:\/\/www.hoteldelizia.com\/fr\/hotel-metro-4-milan-bleu\/","og_locale":"fr_FR","og_type":"article","og_title":"Hotel M\u00e9tro 4 Milan (Bleu) - Hotel Delizia","og_url":"https:\/\/www.hoteldelizia.com\/fr\/hotel-metro-4-milan-bleu\/","og_site_name":"Hotel Delizia","article_modified_time":"2025-05-16T09:24:26+00:00","twitter_card":"summary_large_image","twitter_misc":{"Dur\u00e9e de lecture estim\u00e9e":"9 minutes"},"schema":{"@context":"https:\/\/schema.org","@graph":[{"@type":"WebPage","@id":"https:\/\/www.hoteldelizia.com\/fr\/hotel-metro-4-milan-bleu\/","url":"https:\/\/www.hoteldelizia.com\/fr\/hotel-metro-4-milan-bleu\/","name":"Hotel M\u00e9tro 4 Milan (Bleu) - Hotel Delizia","isPartOf":{"@id":"https:\/\/www.hoteldelizia.com\/es\/#website"},"datePublished":"2022-11-07T09:23:47+00:00","dateModified":"2025-05-16T09:24:26+00:00","breadcrumb":{"@id":"https:\/\/www.hoteldelizia.com\/fr\/hotel-metro-4-milan-bleu\/#breadcrumb"},"inLanguage":"fr-FR","potentialAction":[{"@type":"ReadAction","target":["https:\/\/www.hoteldelizia.com\/fr\/hotel-metro-4-milan-bleu\/"]}]},{"@type":"BreadcrumbList","@id":"https:\/\/www.hoteldelizia.com\/fr\/hotel-metro-4-milan-bleu\/#breadcrumb","itemListElement":[{"@type":"ListItem","position":1,"name":"Home","item":"https:\/\/www.hoteldelizia.com\/fr\/"},{"@type":"ListItem","position":2,"name":"Hotel M\u00e9tro 4 Milan (Bleu)"}]},{"@type":"WebSite","@id":"https:\/\/www.hoteldelizia.com\/es\/#website","url":"https:\/\/www.hoteldelizia.com\/es\/","name":"Hotel Delizia","description":"Albergo Economico Milano | Hotel Delizia Sito Ufficiale | Hotel vicino Aeroporto Linate Milano","potentialAction":[{"@type":"SearchAction","target":{"@type":"EntryPoint","urlTemplate":"https:\/\/www.hoteldelizia.com\/es\/?s={search_term_string}"},"query-input":"required name=search_term_string"}],"inLanguage":"fr-FR"}]}},"_links":{"self":[{"href":"https:\/\/www.hoteldelizia.com\/fr\/wp-json\/wp\/v2\/pages\/8332"}],"collection":[{"href":"https:\/\/www.hoteldelizia.com\/fr\/wp-json\/wp\/v2\/pages"}],"about":[{"href":"https:\/\/www.hoteldelizia.com\/fr\/wp-json\/wp\/v2\/types\/page"}],"author":[{"embeddable":true,"href":"https:\/\/www.hoteldelizia.com\/fr\/wp-json\/wp\/v2\/users\/1"}],"replies":[{"embeddable":true,"href":"https:\/\/www.hoteldelizia.com\/fr\/wp-json\/wp\/v2\/comments?post=8332"}],"version-history":[{"count":9,"href":"https:\/\/www.hoteldelizia.com\/fr\/wp-json\/wp\/v2\/pages\/8332\/revisions"}],"predecessor-version":[{"id":10474,"href":"https:\/\/www.hoteldelizia.com\/fr\/wp-json\/wp\/v2\/pages\/8332\/revisions\/10474"}],"wp:attachment":[{"href":"https:\/\/www.hoteldelizia.com\/fr\/wp-json\/wp\/v2\/media?parent=8332"}],"curies":[{"name":"wp","href":"https:\/\/api.w.org\/{rel}","templated":true}]}}