{"id":8329,"date":"2022-11-07T10:29:11","date_gmt":"2022-11-07T09:29:11","guid":{"rendered":"http:\/\/hoteldelizia.com\/?page_id=8329"},"modified":"2025-05-16T11:25:03","modified_gmt":"2025-05-16T09:25:03","slug":"hotel-u-bahn-4-mailand-blau","status":"publish","type":"page","link":"https:\/\/www.hoteldelizia.com\/de\/hotel-u-bahn-4-mailand-blau\/","title":{"rendered":"Hotel U-Bahn 4 Mailand (Blau)"},"content":{"rendered":"<p><div class=\"fusion-fullwidth fullwidth-box fusion-builder-row-1 hundred-percent-fullwidth non-hundred-percent-height-scrolling\" style=\"--awb-border-radius-top-left:0px;--awb-border-radius-top-right:0px;--awb-border-radius-bottom-right:0px;--awb-border-radius-bottom-left:0px;\" ><div class=\"fusion-builder-row fusion-row\"><div class=\"fusion-layout-column fusion_builder_column fusion-builder-column-0 fusion_builder_column_1_1 1_1 fusion-one-full fusion-column-first fusion-column-last\" style=\"--awb-bg-size:cover;--awb-margin-top:0px;--awb-margin-bottom:0px;\"><div class=\"fusion-column-wrapper fusion-column-has-shadow fusion-flex-column-wrapper-legacy\">\t\t\t\t\t<script type=\"text\/javascript\">\n\t\t\t\t\t\tvar map_fusion_map_69e45ae040c78;\n\t\t\t\t\t\tvar markers = [];\n\t\t\t\t\t\tvar counter = 0;\n\t\t\t\t\t\t\t\t\t\t\t\t\t\t\t\t\t\t\t\tvar fusionMapNonce = 'e4556ea65e';\n\t\t\t\t\t\t\t\t\t\t\t\tfunction fusion_run_map_fusion_map_69e45ae040c78() {\n\t\t\t\t\t\t\tjQuery('#fusion_map_69e45ae040c78').fusion_maps({\n\t\t\t\t\t\t\t\taddresses: [{\"address\":\"Via Archimede 86, 20129 Milano \",\"infobox_content\":\"<strong>Hotel Delizia<\\\/strong><br>\\nVia Archimede, 86\\\/88<br>\\n20129 Milan \",\"marker\":\"http:\\\/\\\/hoteldelizia.com\\\/wp-content\\\/uploads\\\/2022\\\/12\\\/segnaposto-hotel-delizia.svg \",\"coordinates\":false,\"cache\":true,\"latitude\":\"45.4653874\",\"longitude\":\"9.21953110000004\"},{\"address\":\" Aeroporto Linate\",\"infobox_content\":\" Linate Airport<br>\\nMilan\",\"marker\":\" http:\\\/\\\/hoteldelizia.com\\\/wp-content\\\/uploads\\\/2019\\\/10\\\/HD-Segnaposto.png\",\"coordinates\":false,\"cache\":true,\"latitude\":\"45.4533362\",\"longitude\":\"9.2762827\"}],\n\t\t\t\t\t\t\t\tanimations: false,\n\t\t\t\t\t\t\t\tinfobox_background_color: 'rgba(24,24,24,0.78)',\n\t\t\t\t\t\t\t\tinfobox_styling: 'custom',\n\t\t\t\t\t\t\t\tinfobox_text_color: '#ffffff',\n\t\t\t\t\t\t\t\tmap_style: 'custom',\n\t\t\t\t\t\t\t\tmap_type: 'roadmap',\n\t\t\t\t\t\t\t\tmarker_icon: 'http:\/\/hoteldelizia.com\/wp-content\/uploads\/2022\/12\/segnaposto-hotel-delizia.svg | http:\/\/hoteldelizia.com\/wp-content\/uploads\/2019\/10\/HD-Segnaposto.png',\n\t\t\t\t\t\t\t\toverlay_color: '#607d8b',\n\t\t\t\t\t\t\t\toverlay_color_hsl: {\"hue\":200,\"sat\":18,\"lum\":46},\n\t\t\t\t\t\t\t\tpan_control: true,\n\t\t\t\t\t\t\t\tshow_address: true,\n\t\t\t\t\t\t\t\tscale_control: false,\n\t\t\t\t\t\t\t\tscrollwheel: false,\n\t\t\t\t\t\t\t\tzoom: 14,\n\t\t\t\t\t\t\t\tzoom_control: true,\n\t\t\t\t\t\t\t});\n\t\t\t\t\t\t}\n\n\t\t\t\t\t\tgoogle.maps.event.addDomListener(window, 'load', fusion_run_map_fusion_map_69e45ae040c78);\n\t\t\t\t\t<\/script>\n\t\t\t\t\t<div class=\"shortcode-map fusion-google-map fusion-maps-js-type\" style=\"--awb-height:650px;\" id=\"fusion_map_69e45ae040c78\"><\/div><div class=\"fusion-clearfix\"><\/div><\/div><\/div><\/div><\/div><div class=\"fusion-fullwidth fullwidth-box fusion-builder-row-2 nonhundred-percent-fullwidth non-hundred-percent-height-scrolling fusion-equal-height-columns\" style=\"--awb-border-radius-top-left:0px;--awb-border-radius-top-right:0px;--awb-border-radius-bottom-right:0px;--awb-border-radius-bottom-left:0px;--awb-margin-top:2%;--awb-margin-bottom:2%;\" ><div class=\"fusion-builder-row fusion-row\"><div class=\"fusion-layout-column fusion_builder_column fusion-builder-column-1 fusion_builder_column_1_2 1_2 fusion-one-half fusion-column-first\" style=\"--awb-bg-size:cover;width:50%;width:calc(50% - ( ( 4% ) * 0.5 ) );margin-right: 4%;\"><div class=\"fusion-column-wrapper fusion-column-has-shadow fusion-flex-column-wrapper-legacy\"><div class=\"fusion-column-content-centered\"><div class=\"fusion-column-content\"><div class=\"fusion-title title fusion-title-1 fusion-sep-none fusion-title-text fusion-title-size-one\" style=\"--awb-margin-top:27px;--awb-margin-bottom:20px;\"><h1 class=\"title-heading-right fusion-responsive-typography-calculated\" style=\"margin:0;--fontSize:80;line-height:1.2;\">Hotel U-Bahn 4 Mailand (Blau)<\/h1><\/div><\/div><\/div><div class=\"fusion-clearfix\"><\/div><\/div><\/div><div class=\"fusion-layout-column fusion_builder_column fusion-builder-column-2 fusion_builder_column_1_2 1_2 fusion-one-half fusion-column-last\" style=\"--awb-bg-size:cover;width:50%;width:calc(50% - ( ( 4% ) * 0.5 ) );\"><div class=\"fusion-column-wrapper fusion-column-has-shadow fusion-flex-column-wrapper-legacy\"><div class=\"fusion-column-content-centered\"><div class=\"fusion-column-content\"><div class=\"fusion-text fusion-text-1\"><p>Das Hotel Delizia befindet sich in Mailand, in einer ruhigen Gegend in der N\u00e4he des Corso XXII Marzo und nur wenige Schritte von der Station Dateo entfernt, der Haltestelle der neuen U-Bahn-Linie 4 (Blau), die k\u00fcrzlich gebaut wurde.<\/p>\n<p>Genau deshalb, weil ab dem 26. November 2022 die Metrolinie Linate Airport &#8211; Dateo in beiden Richtungen aktiv sein wird.<\/p>\n<p>Der Service dieser U-Bahn-Linie ist nicht nur eine Revolution in der urbanen Mobilit\u00e4t, sondern erm\u00f6glicht allen Benutzern auch, Parks und Radwege entlang der Oberfl\u00e4che der M4-Route zu genie\u00dfen und viele der wichtigsten bequem zu erreichen. Sehensw\u00fcrdigkeiten in der Stadt.<\/p>\n<p>Mit der U-Bahnlinie M4 ist das Hotel Delizia leicht mit dem Flughafen Linate verbunden, der in wenigen Minuten Fahrt (nur 5 Haltestellen) die Station Dateo erreicht, die nur 200 Meter von unserem Hotel entfernt ist.<\/p>\n<p>Mailand ist eine der europ\u00e4ischen St\u00e4dte mit der gr\u00f6\u00dften Ausdehnung an U-Bahn-Linien, die es Ihnen dank ihrer Verzweigung erm\u00f6glichen, nicht nur das Stadtzentrum zu erreichen, sondern auch einen Teil des Hinterlandes (das sogenannte Metropolgebiet) abzudecken.<\/p>\n<p>Die Bequemlichkeit, mit der Sie vom Hotel Delizia aus die U-Bahn nutzen k\u00f6nnen, macht unser Hotel sowohl f\u00fcr Gesch\u00e4ftsreisende als auch f\u00fcr Urlauber zu einem idealen Ort.<\/p>\n<\/div><div class=\"fusion-menu-anchor\" id=\"how-to-reach-us\"><\/div><\/div><\/div><div class=\"fusion-clearfix\"><\/div><\/div><\/div><\/div><\/div><div class=\"fusion-fullwidth fullwidth-box fusion-builder-row-3 has-pattern-background has-mask-background nonhundred-percent-fullwidth non-hundred-percent-height-scrolling fusion-equal-height-columns fusion-no-medium-visibility fusion-no-large-visibility\" style=\"--awb-background-position:left top;--awb-border-radius-top-left:0px;--awb-border-radius-top-right:0px;--awb-border-radius-bottom-right:0px;--awb-border-radius-bottom-left:0px;--awb-background-color:rgba(255,255,255,0);\" ><div class=\"fusion-builder-row fusion-row\"><div class=\"fusion-layout-column fusion_builder_column fusion-builder-column-3 fusion_builder_column_1_1 1_1 fusion-one-full fusion-column-first fusion-column-last\" style=\"--awb-bg-color:rgba(255,255,255,0);--awb-bg-position:center center;--awb-bg-size:cover;--awb-border-color:#ffffff;--awb-border-top:0;--awb-border-right:0;--awb-border-bottom:0;--awb-border-left:0;--awb-border-style:solid;\"><div class=\"fusion-column-wrapper fusion-column-has-shadow fusion-flex-column-wrapper-legacy\"><div class=\"fusion-sep-clear\"><\/div><div class=\"fusion-separator fusion-full-width-sep\" style=\"margin-left: auto;margin-right: auto;margin-top:10%;width:100%;\"><\/div><div class=\"fusion-sep-clear\"><\/div><div class=\"fusion-clearfix\"><\/div><\/div><\/div><div class=\"fusion-layout-column fusion_builder_column fusion-builder-column-4 fusion_builder_column_3_5 3_5 fusion-three-fifth fusion-column-first\" style=\"--awb-padding-top:40%;--awb-padding-bottom:40%;--awb-bg-image:url(&#039;http:\/\/hoteldelizia.com\/wp-content\/uploads\/2022\/11\/Subway-4-Milan-Blue-hotel-delizia-milan.jpg&#039;);--awb-bg-position:center bottom;--awb-bg-size:cover;--awb-border-color:#ffffff;--awb-border-top:0;--awb-border-right:0;--awb-border-bottom:0;--awb-border-left:0;--awb-border-style:solid;width:60%;width:calc(60% - ( ( 5% ) * 0.6 ) );margin-right: 5%;\"><div class=\"fusion-column-wrapper fusion-column-has-shadow fusion-flex-column-wrapper-legacy\" data-bg-url=\"http:\/\/hoteldelizia.com\/wp-content\/uploads\/2022\/11\/Subway-4-Milan-Blue-hotel-delizia-milan.jpg\"><div class=\"fusion-sep-clear\"><\/div><div class=\"fusion-separator fusion-full-width-sep\" style=\"margin-left: auto;margin-right: auto;margin-top:50px;width:100%;\"><\/div><div class=\"fusion-sep-clear\"><\/div><div class=\"fusion-clearfix\"><\/div><\/div><\/div><\/div><\/div><div class=\"fusion-fullwidth fullwidth-box fusion-builder-row-4 nonhundred-percent-fullwidth non-hundred-percent-height-scrolling fusion-equal-height-columns\" style=\"--awb-background-position:left top;--awb-border-radius-top-left:0px;--awb-border-radius-top-right:0px;--awb-border-radius-bottom-right:0px;--awb-border-radius-bottom-left:0px;--awb-padding-bottom:5%;\" ><div class=\"fusion-builder-row fusion-row\"><div class=\"fusion-layout-column fusion_builder_column fusion-builder-column-5 fusion_builder_column_2_5 2_5 fusion-two-fifth fusion-column-first allineato fusion-animated\" style=\"--awb-padding-right:10%;--awb-padding-bottom:7%;--awb-padding-left:10%;--awb-bg-color:var(--awb-color1);--awb-bg-size:cover;--awb-margin-top:80px;width:40%;width:calc(40% - ( ( 5% ) * 0.4 ) );margin-right: 5%;\" data-animationType=\"fadeInDown\" data-animationDuration=\"0.8\" data-animationOffset=\"top-into-view\"><div class=\"fusion-column-wrapper fusion-column-has-shadow fusion-flex-column-wrapper-legacy\"><div class=\"fusion-column-content-centered\"><div class=\"fusion-column-content\"><div class=\"fusion-title title fusion-title-2 fusion-sep-none fusion-title-center fusion-title-text fusion-title-size-two\" style=\"--awb-margin-top:27px;--awb-margin-bottom:20px;--awb-margin-top-small:27px;\"><h2 class=\"title-heading-center fusion-responsive-typography-calculated\" style=\"margin:0;--fontSize:80;line-height:1.28;\">U-Bahn 4 Mailand (Blau)<\/h2><\/div><div class=\"fusion-sep-clear\"><\/div><div class=\"fusion-separator\" style=\"margin-left: auto;margin-right: auto;width:100%;max-width:70px;\"><div class=\"fusion-separator-border sep-single sep-solid\" style=\"--awb-height:20px;--awb-amount:20px;--awb-sep-color:#181818;border-color:#181818;border-top-width:1px;\"><\/div><\/div><div class=\"fusion-sep-clear\"><\/div><div class=\"fusion-sep-clear\"><\/div><div class=\"fusion-separator fusion-full-width-sep\" style=\"margin-left: auto;margin-right: auto;margin-bottom:20px;width:100%;\"><\/div><div class=\"fusion-sep-clear\"><\/div><div class=\"fusion-text fusion-text-2\"><p style=\"text-align: center;\">Mit der Fertigstellung des Baus der Mail\u00e4nder U-Bahnlinie 4 (Blau) stellt dies eine wichtige Entwicklung f\u00fcr die Stadt und ihre Benutzer hinsichtlich der Mobilit\u00e4t der Menschen dar, die vom rechten und linken Ende der lombardischen Hauptstadt ins Zentrum gelangen m\u00fcssen.<\/p>\n<p style=\"text-align: center;\">Die beiden strategischen Endstationen sind der Flughafen Linate im Osten, sicherlich der n\u00e4chstgelegene und bequemste Flughafen, um das Stadtzentrum zu erreichen, und San Cristoforo im Westen, ein praktischer Umsteigepunkt f\u00fcr die regionalen Eisenbahnlinien.<\/p>\n<p style=\"text-align: center;\">Die Route \u201eber\u00fchrt\u201c San Babila, einen historischen Treffpunkt f\u00fcr die neue Generation junger Mail\u00e4nder, einen strategischen Punkt, von dem aus Sie zu Fu\u00df den Dom, die Galleria Vittorio Emanuele I sowie die Via Montenapoleone und das Modeviertel erreichen k\u00f6nnen. Sant&#8217;Ambrogio ist auch eine Haltestelle der Metrolinie 4, wo sich eine der \u00e4ltesten Kirchen Mailands befindet, sowie der Schutzpatron der Stadt, ein grundlegender Punkt in der Geschichte Mailands und der Ambrosianischen Kirche.<br \/>\nBeide Stationen dienen zugleich als Umsteigebahnhof, die erste zur Linie 1 (Rot) und die zweite zur Linie 2 (Gr\u00fcn), sodass Reisende sich problemlos in alle Richtungen der Stadt bewegen k\u00f6nnen.<\/p>\n<\/div><\/div><\/div><div class=\"fusion-clearfix\"><\/div><\/div><\/div><div class=\"fusion-layout-column fusion_builder_column fusion-builder-column-6 fusion_builder_column_3_5 3_5 fusion-three-fifth fusion-column-last fusion-no-small-visibility fusion-no-medium-visibility\" style=\"--awb-padding-top:40%;--awb-padding-bottom:40%;--awb-bg-image:url(&#039;http:\/\/hoteldelizia.com\/wp-content\/uploads\/2022\/11\/Subway-4-Milan-Blue-hotel-delizia-milan.jpg&#039;);--awb-bg-position:center bottom;--awb-bg-size:cover;--awb-border-color:#ffffff;--awb-border-top:0;--awb-border-right:0;--awb-border-bottom:0;--awb-border-left:0;--awb-border-style:solid;width:60%;width:calc(60% - ( ( 5% ) * 0.6 ) );\"><div class=\"fusion-column-wrapper fusion-column-has-shadow fusion-flex-column-wrapper-legacy\" data-bg-url=\"http:\/\/hoteldelizia.com\/wp-content\/uploads\/2022\/11\/Subway-4-Milan-Blue-hotel-delizia-milan.jpg\"><div class=\"fusion-sep-clear\"><\/div><div class=\"fusion-separator fusion-full-width-sep\" style=\"margin-left: auto;margin-right: auto;margin-top:50px;width:100%;\"><\/div><div class=\"fusion-sep-clear\"><\/div><div class=\"fusion-clearfix\"><\/div><\/div><\/div><\/div><\/div><\/p>\n","protected":false},"excerpt":{"rendered":"","protected":false},"author":1,"featured_media":0,"parent":0,"menu_order":2,"comment_status":"closed","ping_status":"closed","template":"100-width.php","meta":{"inline_featured_image":false},"yoast_head":"<!-- This site is optimized with the Yoast SEO plugin v20.5 - https:\/\/yoast.com\/wordpress\/plugins\/seo\/ -->\n<title>Hotel U-Bahn 4 Mailand (Blau) - Hotel Delizia<\/title>\n<meta name=\"robots\" content=\"index, follow, max-snippet:-1, max-image-preview:large, max-video-preview:-1\" \/>\n<link rel=\"canonical\" href=\"https:\/\/www.hoteldelizia.com\/de\/hotel-u-bahn-4-mailand-blau\/\" \/>\n<meta property=\"og:locale\" content=\"de_DE\" \/>\n<meta property=\"og:type\" content=\"article\" \/>\n<meta property=\"og:title\" content=\"Hotel U-Bahn 4 Mailand (Blau) - Hotel Delizia\" \/>\n<meta property=\"og:url\" content=\"https:\/\/www.hoteldelizia.com\/de\/hotel-u-bahn-4-mailand-blau\/\" \/>\n<meta property=\"og:site_name\" content=\"Hotel Delizia\" \/>\n<meta property=\"article:modified_time\" content=\"2025-05-16T09:25:03+00:00\" \/>\n<meta name=\"twitter:card\" content=\"summary_large_image\" \/>\n<meta name=\"twitter:label1\" content=\"Gesch\u00e4tzte Lesezeit\" \/>\n\t<meta name=\"twitter:data1\" content=\"9 Minuten\" \/>\n<script type=\"application\/ld+json\" class=\"yoast-schema-graph\">{\"@context\":\"https:\/\/schema.org\",\"@graph\":[{\"@type\":\"WebPage\",\"@id\":\"https:\/\/www.hoteldelizia.com\/de\/hotel-u-bahn-4-mailand-blau\/\",\"url\":\"https:\/\/www.hoteldelizia.com\/de\/hotel-u-bahn-4-mailand-blau\/\",\"name\":\"Hotel U-Bahn 4 Mailand (Blau) - Hotel Delizia\",\"isPartOf\":{\"@id\":\"https:\/\/www.hoteldelizia.com\/es\/#website\"},\"datePublished\":\"2022-11-07T09:29:11+00:00\",\"dateModified\":\"2025-05-16T09:25:03+00:00\",\"breadcrumb\":{\"@id\":\"https:\/\/www.hoteldelizia.com\/de\/hotel-u-bahn-4-mailand-blau\/#breadcrumb\"},\"inLanguage\":\"de-DE\",\"potentialAction\":[{\"@type\":\"ReadAction\",\"target\":[\"https:\/\/www.hoteldelizia.com\/de\/hotel-u-bahn-4-mailand-blau\/\"]}]},{\"@type\":\"BreadcrumbList\",\"@id\":\"https:\/\/www.hoteldelizia.com\/de\/hotel-u-bahn-4-mailand-blau\/#breadcrumb\",\"itemListElement\":[{\"@type\":\"ListItem\",\"position\":1,\"name\":\"Home\",\"item\":\"https:\/\/www.hoteldelizia.com\/de\/\"},{\"@type\":\"ListItem\",\"position\":2,\"name\":\"Hotel U-Bahn 4 Mailand (Blau)\"}]},{\"@type\":\"WebSite\",\"@id\":\"https:\/\/www.hoteldelizia.com\/es\/#website\",\"url\":\"https:\/\/www.hoteldelizia.com\/es\/\",\"name\":\"Hotel Delizia\",\"description\":\"Albergo Economico Milano | Hotel Delizia Sito Ufficiale | Hotel vicino Aeroporto Linate Milano\",\"potentialAction\":[{\"@type\":\"SearchAction\",\"target\":{\"@type\":\"EntryPoint\",\"urlTemplate\":\"https:\/\/www.hoteldelizia.com\/es\/?s={search_term_string}\"},\"query-input\":\"required name=search_term_string\"}],\"inLanguage\":\"de-DE\"}]}<\/script>\n<!-- \/ Yoast SEO plugin. -->","yoast_head_json":{"title":"Hotel U-Bahn 4 Mailand (Blau) - Hotel Delizia","robots":{"index":"index","follow":"follow","max-snippet":"max-snippet:-1","max-image-preview":"max-image-preview:large","max-video-preview":"max-video-preview:-1"},"canonical":"https:\/\/www.hoteldelizia.com\/de\/hotel-u-bahn-4-mailand-blau\/","og_locale":"de_DE","og_type":"article","og_title":"Hotel U-Bahn 4 Mailand (Blau) - Hotel Delizia","og_url":"https:\/\/www.hoteldelizia.com\/de\/hotel-u-bahn-4-mailand-blau\/","og_site_name":"Hotel Delizia","article_modified_time":"2025-05-16T09:25:03+00:00","twitter_card":"summary_large_image","twitter_misc":{"Gesch\u00e4tzte Lesezeit":"9 Minuten"},"schema":{"@context":"https:\/\/schema.org","@graph":[{"@type":"WebPage","@id":"https:\/\/www.hoteldelizia.com\/de\/hotel-u-bahn-4-mailand-blau\/","url":"https:\/\/www.hoteldelizia.com\/de\/hotel-u-bahn-4-mailand-blau\/","name":"Hotel U-Bahn 4 Mailand (Blau) - Hotel Delizia","isPartOf":{"@id":"https:\/\/www.hoteldelizia.com\/es\/#website"},"datePublished":"2022-11-07T09:29:11+00:00","dateModified":"2025-05-16T09:25:03+00:00","breadcrumb":{"@id":"https:\/\/www.hoteldelizia.com\/de\/hotel-u-bahn-4-mailand-blau\/#breadcrumb"},"inLanguage":"de-DE","potentialAction":[{"@type":"ReadAction","target":["https:\/\/www.hoteldelizia.com\/de\/hotel-u-bahn-4-mailand-blau\/"]}]},{"@type":"BreadcrumbList","@id":"https:\/\/www.hoteldelizia.com\/de\/hotel-u-bahn-4-mailand-blau\/#breadcrumb","itemListElement":[{"@type":"ListItem","position":1,"name":"Home","item":"https:\/\/www.hoteldelizia.com\/de\/"},{"@type":"ListItem","position":2,"name":"Hotel U-Bahn 4 Mailand (Blau)"}]},{"@type":"WebSite","@id":"https:\/\/www.hoteldelizia.com\/es\/#website","url":"https:\/\/www.hoteldelizia.com\/es\/","name":"Hotel Delizia","description":"Albergo Economico Milano | Hotel Delizia Sito Ufficiale | Hotel vicino Aeroporto Linate Milano","potentialAction":[{"@type":"SearchAction","target":{"@type":"EntryPoint","urlTemplate":"https:\/\/www.hoteldelizia.com\/es\/?s={search_term_string}"},"query-input":"required name=search_term_string"}],"inLanguage":"de-DE"}]}},"_links":{"self":[{"href":"https:\/\/www.hoteldelizia.com\/de\/wp-json\/wp\/v2\/pages\/8329"}],"collection":[{"href":"https:\/\/www.hoteldelizia.com\/de\/wp-json\/wp\/v2\/pages"}],"about":[{"href":"https:\/\/www.hoteldelizia.com\/de\/wp-json\/wp\/v2\/types\/page"}],"author":[{"embeddable":true,"href":"https:\/\/www.hoteldelizia.com\/de\/wp-json\/wp\/v2\/users\/1"}],"replies":[{"embeddable":true,"href":"https:\/\/www.hoteldelizia.com\/de\/wp-json\/wp\/v2\/comments?post=8329"}],"version-history":[{"count":6,"href":"https:\/\/www.hoteldelizia.com\/de\/wp-json\/wp\/v2\/pages\/8329\/revisions"}],"predecessor-version":[{"id":10475,"href":"https:\/\/www.hoteldelizia.com\/de\/wp-json\/wp\/v2\/pages\/8329\/revisions\/10475"}],"wp:attachment":[{"href":"https:\/\/www.hoteldelizia.com\/de\/wp-json\/wp\/v2\/media?parent=8329"}],"curies":[{"name":"wp","href":"https:\/\/api.w.org\/{rel}","templated":true}]}}